{"id":6,"date":"2025-05-18T14:54:29","date_gmt":"2025-05-18T12:54:29","guid":{"rendered":"http:\/\/brindilles-petitsfruits.fr\/?page_id=6"},"modified":"2025-10-07T14:41:18","modified_gmt":"2025-10-07T12:41:18","slug":"le-nouveau-e-mucem-ouvre-ses-portes-2","status":"publish","type":"page","link":"https:\/\/brindilles-petitsfruits.fr\/","title":{"rendered":"Brindilles &amp; Petits fruits"},"content":{"rendered":"\n<div class=\"wp-block-group alignwide\"><div class=\"wp-block-group__inner-container is-layout-flow wp-block-group-is-layout-flow\">\n<h1 class=\"wp-block-heading alignfull has-text-align-center\">Ferme bio situ\u00e9e \u00e0 Ding\u00e9,  en Ille-et-Vilaine (35)<\/h1>\n<\/div><\/div>\n\n\n\n<h2 class=\"wp-block-heading alignwide has-text-align-center has-accent-color has-text-color has-link-color wp-elements-5886af67e717101805bbc4884b3ddc93\">Fraises &amp; myrtilles cultiv\u00e9es en pleine terre<\/h2>\n\n\n<div class=\"wp-block-image\">\n<figure class=\"aligncenter size-large is-resized\"><img loading=\"lazy\" decoding=\"async\" width=\"847\" height=\"1024\" src=\"http:\/\/brindilles-petitsfruits.fr\/wp-content\/uploads\/2025\/10\/AB_HD-847x1024.jpg\" alt=\"\" class=\"wp-image-53\" style=\"width:131px;height:auto\" srcset=\"https:\/\/brindilles-petitsfruits.fr\/wp-content\/uploads\/2025\/10\/AB_HD-847x1024.jpg 847w, https:\/\/brindilles-petitsfruits.fr\/wp-content\/uploads\/2025\/10\/AB_HD-248x300.jpg 248w, https:\/\/brindilles-petitsfruits.fr\/wp-content\/uploads\/2025\/10\/AB_HD-768x929.jpg 768w, https:\/\/brindilles-petitsfruits.fr\/wp-content\/uploads\/2025\/10\/AB_HD-1270x1536.jpg 1270w, https:\/\/brindilles-petitsfruits.fr\/wp-content\/uploads\/2025\/10\/AB_HD-1693x2048.jpg 1693w, https:\/\/brindilles-petitsfruits.fr\/wp-content\/uploads\/2025\/10\/AB_HD-1200x1451.jpg 1200w, https:\/\/brindilles-petitsfruits.fr\/wp-content\/uploads\/2025\/10\/AB_HD.jpg 1833w\" sizes=\"auto, (max-width: 847px) 100vw, 847px\" \/><\/figure>\n<\/div>\n\n\n<h2 class=\"wp-block-heading alignwide has-text-align-center has-accent-color has-text-color has-link-color wp-elements-e7566005f903af707b5f447a10ca7f7b\">Confiture &amp; compotes<\/h2>\n\n\n\n<figure class=\"wp-block-gallery has-nested-images columns-default is-cropped wp-block-gallery-1 is-layout-flex wp-block-gallery-is-layout-flex\">\n<figure class=\"wp-block-image size-large\"><img loading=\"lazy\" decoding=\"async\" width=\"1024\" height=\"1024\" data-id=\"57\" src=\"https:\/\/brindilles-petitsfruits.fr\/wp-content\/uploads\/2025\/10\/IMG_20251006_143140_021-1024x1024.jpg\" alt=\"\" class=\"wp-image-57\" srcset=\"https:\/\/brindilles-petitsfruits.fr\/wp-content\/uploads\/2025\/10\/IMG_20251006_143140_021-1024x1024.jpg 1024w, https:\/\/brindilles-petitsfruits.fr\/wp-content\/uploads\/2025\/10\/IMG_20251006_143140_021-300x300.jpg 300w, https:\/\/brindilles-petitsfruits.fr\/wp-content\/uploads\/2025\/10\/IMG_20251006_143140_021-150x150.jpg 150w, https:\/\/brindilles-petitsfruits.fr\/wp-content\/uploads\/2025\/10\/IMG_20251006_143140_021-768x768.jpg 768w, https:\/\/brindilles-petitsfruits.fr\/wp-content\/uploads\/2025\/10\/IMG_20251006_143140_021-1536x1536.jpg 1536w, https:\/\/brindilles-petitsfruits.fr\/wp-content\/uploads\/2025\/10\/IMG_20251006_143140_021-2048x2048.jpg 2048w, https:\/\/brindilles-petitsfruits.fr\/wp-content\/uploads\/2025\/10\/IMG_20251006_143140_021-1200x1200.jpg 1200w, https:\/\/brindilles-petitsfruits.fr\/wp-content\/uploads\/2025\/10\/IMG_20251006_143140_021-1980x1980.jpg 1980w\" sizes=\"auto, (max-width: 1024px) 100vw, 1024px\" \/><\/figure>\n\n\n\n<figure class=\"wp-block-image size-large\"><img loading=\"lazy\" decoding=\"async\" width=\"1024\" height=\"1024\" data-id=\"58\" src=\"https:\/\/brindilles-petitsfruits.fr\/wp-content\/uploads\/2025\/10\/IMG_20251007_114439_210-1024x1024.jpg\" alt=\"\" class=\"wp-image-58\" srcset=\"https:\/\/brindilles-petitsfruits.fr\/wp-content\/uploads\/2025\/10\/IMG_20251007_114439_210-1024x1024.jpg 1024w, https:\/\/brindilles-petitsfruits.fr\/wp-content\/uploads\/2025\/10\/IMG_20251007_114439_210-300x300.jpg 300w, https:\/\/brindilles-petitsfruits.fr\/wp-content\/uploads\/2025\/10\/IMG_20251007_114439_210-150x150.jpg 150w, https:\/\/brindilles-petitsfruits.fr\/wp-content\/uploads\/2025\/10\/IMG_20251007_114439_210-768x768.jpg 768w, https:\/\/brindilles-petitsfruits.fr\/wp-content\/uploads\/2025\/10\/IMG_20251007_114439_210-1536x1536.jpg 1536w, https:\/\/brindilles-petitsfruits.fr\/wp-content\/uploads\/2025\/10\/IMG_20251007_114439_210-2048x2048.jpg 2048w, https:\/\/brindilles-petitsfruits.fr\/wp-content\/uploads\/2025\/10\/IMG_20251007_114439_210-1200x1200.jpg 1200w, https:\/\/brindilles-petitsfruits.fr\/wp-content\/uploads\/2025\/10\/IMG_20251007_114439_210-1980x1980.jpg 1980w\" sizes=\"auto, (max-width: 1024px) 100vw, 1024px\" \/><\/figure>\n<\/figure>\n\n\n\n<h2 class=\"wp-block-heading alignwide has-text-align-center has-accent-color has-text-color has-link-color wp-elements-2a0c2f50dc97e2d45f92060a86e8b5c0\"><a href=\"https:\/\/brindilles-petitsfruits.fr\/index.php\/libre-cueillette\/\" data-type=\"page\" data-id=\"36\">Libre-cueillette<\/a> occasionnelle en fonction des saisons<\/h2>\n\n\n\n<figure class=\"wp-block-gallery alignfull has-nested-images columns-default is-cropped wp-block-gallery-2 is-layout-flex wp-block-gallery-is-layout-flex\">\n<figure class=\"wp-block-image size-full\"><img loading=\"lazy\" decoding=\"async\" width=\"2560\" height=\"1604\" data-id=\"55\" src=\"https:\/\/brindilles-petitsfruits.fr\/wp-content\/uploads\/2025\/10\/site-scaled.jpg\" alt=\"\" class=\"wp-image-55\" srcset=\"https:\/\/brindilles-petitsfruits.fr\/wp-content\/uploads\/2025\/10\/site-scaled.jpg 2560w, https:\/\/brindilles-petitsfruits.fr\/wp-content\/uploads\/2025\/10\/site-300x188.jpg 300w, https:\/\/brindilles-petitsfruits.fr\/wp-content\/uploads\/2025\/10\/site-1024x642.jpg 1024w, https:\/\/brindilles-petitsfruits.fr\/wp-content\/uploads\/2025\/10\/site-768x481.jpg 768w, https:\/\/brindilles-petitsfruits.fr\/wp-content\/uploads\/2025\/10\/site-1536x962.jpg 1536w, https:\/\/brindilles-petitsfruits.fr\/wp-content\/uploads\/2025\/10\/site-2048x1283.jpg 2048w, https:\/\/brindilles-petitsfruits.fr\/wp-content\/uploads\/2025\/10\/site-1200x752.jpg 1200w, https:\/\/brindilles-petitsfruits.fr\/wp-content\/uploads\/2025\/10\/site-1980x1241.jpg 1980w\" sizes=\"auto, (max-width: 2560px) 100vw, 2560px\" \/><\/figure>\n\n\n\n<figure class=\"wp-block-image size-full\"><img loading=\"lazy\" decoding=\"async\" width=\"2560\" height=\"1920\" data-id=\"56\" src=\"https:\/\/brindilles-petitsfruits.fr\/wp-content\/uploads\/2025\/10\/IMG_20240324_175314_694-scaled.jpg\" alt=\"\" class=\"wp-image-56\" srcset=\"https:\/\/brindilles-petitsfruits.fr\/wp-content\/uploads\/2025\/10\/IMG_20240324_175314_694-scaled.jpg 2560w, https:\/\/brindilles-petitsfruits.fr\/wp-content\/uploads\/2025\/10\/IMG_20240324_175314_694-300x225.jpg 300w, https:\/\/brindilles-petitsfruits.fr\/wp-content\/uploads\/2025\/10\/IMG_20240324_175314_694-1024x768.jpg 1024w, https:\/\/brindilles-petitsfruits.fr\/wp-content\/uploads\/2025\/10\/IMG_20240324_175314_694-768x576.jpg 768w, https:\/\/brindilles-petitsfruits.fr\/wp-content\/uploads\/2025\/10\/IMG_20240324_175314_694-1536x1152.jpg 1536w, https:\/\/brindilles-petitsfruits.fr\/wp-content\/uploads\/2025\/10\/IMG_20240324_175314_694-2048x1536.jpg 2048w, https:\/\/brindilles-petitsfruits.fr\/wp-content\/uploads\/2025\/10\/IMG_20240324_175314_694-1200x900.jpg 1200w, https:\/\/brindilles-petitsfruits.fr\/wp-content\/uploads\/2025\/10\/IMG_20240324_175314_694-1980x1485.jpg 1980w\" sizes=\"auto, (max-width: 2560px) 100vw, 2560px\" \/><\/figure>\n<\/figure>\n\n\n\n<p class=\"has-drop-cap\">Nos <strong>fruits<\/strong> et <strong>produits transform\u00e9s<\/strong> sont vendus localement :<\/p>\n\n\n\n<p class=\"has-drop-cap\"> <\/p>\n\n\n\n<p><\/p>\n\n\n\n<ul class=\"wp-block-list\">\n<li>en <a href=\"https:\/\/brindilles-petitsfruits.fr\/index.php\/nos-productions\/\" data-type=\"page\" data-id=\"37\"><strong>vente directe<\/strong><\/a><\/li>\n\n\n\n<li>en <strong>magasins bio<\/strong> (<a href=\"https:\/\/www.biocooplechatbiotte.com\/producteurs-locaux\/84230\/brindilles-et-petits-fruits\" data-type=\"link\" data-id=\"https:\/\/www.biocooplechatbiotte.com\/producteurs-locaux\/84230\/brindilles-et-petits-fruits\">Biocoop de Combourg et Tint\u00e9niac<\/a>) et \u00e9piceries<\/li>\n\n\n\n<li>en <strong>restauration collective<\/strong> et <strong>commerciale<\/strong><\/li>\n\n\n\n<li>chez des <strong>artisans patissiers-glaciers<\/strong><\/li>\n<\/ul>\n\n\n\n<ul class=\"wp-block-list\"><\/ul>\n\n\n\n<p><\/p>\n\n\n\n<div class=\"wp-block-media-text is-stacked-on-mobile has-accent-background-color has-background\"><figure class=\"wp-block-media-text__media\"><img loading=\"lazy\" decoding=\"async\" width=\"512\" height=\"512\" src=\"https:\/\/brindilles-petitsfruits.fr\/wp-content\/uploads\/2025\/10\/cropped-cropped-e-scaled-1.jpg\" alt=\"\" class=\"wp-image-75 size-full\" srcset=\"https:\/\/brindilles-petitsfruits.fr\/wp-content\/uploads\/2025\/10\/cropped-cropped-e-scaled-1.jpg 512w, https:\/\/brindilles-petitsfruits.fr\/wp-content\/uploads\/2025\/10\/cropped-cropped-e-scaled-1-300x300.jpg 300w, https:\/\/brindilles-petitsfruits.fr\/wp-content\/uploads\/2025\/10\/cropped-cropped-e-scaled-1-150x150.jpg 150w\" sizes=\"auto, (max-width: 512px) 100vw, 512px\" \/><\/figure><div class=\"wp-block-media-text__content\">\n<p class=\"has-text-align-center has-large-font-size\">Saison fraises <\/p>\n\n\n\n<p class=\"has-text-align-center has-normal-font-size\">MAI &amp; JUIN<\/p>\n<\/div><\/div>\n\n\n\n<div class=\"wp-block-media-text has-media-on-the-right is-stacked-on-mobile is-image-fill-element has-background\" style=\"background-color:#412585e6\"><div class=\"wp-block-media-text__content\">\n<p class=\"has-text-align-center has-background-color has-text-color has-link-color has-large-font-size wp-elements-655f824a8ac3da2fed64200236503d75\">Saison myrtilles <\/p>\n\n\n\n<p class=\"has-text-align-center has-background-color has-text-color has-link-color has-normal-font-size wp-elements-b309a75545db44845471a82f7bfc4d62\">JUILLET, SEPTEMBRE      &amp; OCTOBRE<\/p>\n<\/div><figure class=\"wp-block-media-text__media\"><img loading=\"lazy\" decoding=\"async\" width=\"1024\" height=\"938\" src=\"http:\/\/brindilles-petitsfruits.fr\/wp-content\/uploads\/2025\/10\/f-1024x938.jpg\" alt=\"\" class=\"wp-image-46 size-full\" style=\"object-position:50% 50%\" srcset=\"https:\/\/brindilles-petitsfruits.fr\/wp-content\/uploads\/2025\/10\/f-1024x938.jpg 1024w, https:\/\/brindilles-petitsfruits.fr\/wp-content\/uploads\/2025\/10\/f-300x275.jpg 300w, https:\/\/brindilles-petitsfruits.fr\/wp-content\/uploads\/2025\/10\/f-768x703.jpg 768w, https:\/\/brindilles-petitsfruits.fr\/wp-content\/uploads\/2025\/10\/f-1536x1407.jpg 1536w\" sizes=\"auto, (max-width: 1024px) 100vw, 1024px\" \/><\/figure><\/div>\n\n\n\n<p><\/p>\n","protected":false},"excerpt":{"rendered":"<p>Ferme bio situ\u00e9e \u00e0 Ding\u00e9, en Ille-et-Vilaine (35) Fraises &amp; myrtilles cultiv\u00e9es en pleine terre Confiture &amp; compotes Libre-cueillette occasionnelle en fonction des saisons Nos fruits et produits transform\u00e9s sont vendus localement : Saison fraises MAI &amp; JUIN Saison myrtilles JUILLET, SEPTEMBRE &amp; OCTOBRE<\/p>\n","protected":false},"author":1,"featured_media":60,"parent":0,"menu_order":0,"comment_status":"closed","ping_status":"closed","template":"","meta":{"footnotes":""},"class_list":["post-6","page","type-page","status-publish","has-post-thumbnail","hentry"],"_links":{"self":[{"href":"https:\/\/brindilles-petitsfruits.fr\/index.php\/wp-json\/wp\/v2\/pages\/6","targetHints":{"allow":["GET"]}}],"collection":[{"href":"https:\/\/brindilles-petitsfruits.fr\/index.php\/wp-json\/wp\/v2\/pages"}],"about":[{"href":"https:\/\/brindilles-petitsfruits.fr\/index.php\/wp-json\/wp\/v2\/types\/page"}],"author":[{"embeddable":true,"href":"https:\/\/brindilles-petitsfruits.fr\/index.php\/wp-json\/wp\/v2\/users\/1"}],"replies":[{"embeddable":true,"href":"https:\/\/brindilles-petitsfruits.fr\/index.php\/wp-json\/wp\/v2\/comments?post=6"}],"version-history":[{"count":28,"href":"https:\/\/brindilles-petitsfruits.fr\/index.php\/wp-json\/wp\/v2\/pages\/6\/revisions"}],"predecessor-version":[{"id":103,"href":"https:\/\/brindilles-petitsfruits.fr\/index.php\/wp-json\/wp\/v2\/pages\/6\/revisions\/103"}],"wp:featuredmedia":[{"embeddable":true,"href":"https:\/\/brindilles-petitsfruits.fr\/index.php\/wp-json\/wp\/v2\/media\/60"}],"wp:attachment":[{"href":"https:\/\/brindilles-petitsfruits.fr\/index.php\/wp-json\/wp\/v2\/media?parent=6"}],"curies":[{"name":"wp","href":"https:\/\/api.w.org\/{rel}","templated":true}]}}