{"id":36,"date":"2025-10-07T12:31:54","date_gmt":"2025-10-07T10:31:54","guid":{"rendered":"https:\/\/brindilles-petitsfruits.fr\/?page_id=36"},"modified":"2025-10-07T18:03:43","modified_gmt":"2025-10-07T16:03:43","slug":"libre-cueillette","status":"publish","type":"page","link":"https:\/\/brindilles-petitsfruits.fr\/index.php\/libre-cueillette\/","title":{"rendered":"Libre cueillette"},"content":{"rendered":"\n<p>Nous ouvrons <strong>tr\u00e8s ponctuellement<\/strong> (1 \u00e0 2 fois par an) notre site \u00e0 la cueillette en autonomie.<\/p>\n\n\n\n<p>Dans notre organisation, <strong>les cr\u00e9neaux de cueillette sont difficilement pr\u00e9visibles<\/strong>, ils correspondent \u00e0 une surcharge d&#8217;activit\u00e9 temporaire et d\u00e9pendent :<\/p>\n\n\n\n<ul class=\"wp-block-list\">\n<li>des <strong>conditions m\u00e9t\u00e9o <\/strong>de l&#8217;ann\u00e9e (ex : un printemps tr\u00e8s  chaud favorisera une production importante sur une p\u00e9riode plus courte)<\/li>\n\n\n\n<li>du niveau de production de chaque <strong>vari\u00e9t\u00e9<\/strong><\/li>\n\n\n\n<li>de l&#8217;<strong>anciennet\u00e9<\/strong> des plants<\/li>\n<\/ul>\n\n\n\n<h1 class=\"wp-block-heading alignwide has-text-align-center has-accent-color has-text-color has-link-color has-larger-font-size wp-elements-2d73744752061257e1e5fc5e63019a2d\"><strong>Nous pr\u00e9venons les personnes potentiellement int\u00e9ress\u00e9es par la cueillette par l&#8217;envoi d&#8217;un mail dans les jours pr\u00e9c\u00e9dant l&#8217;ouverture d&#8217;un cr\u00e9neau de cueillette.<\/strong><\/h1>\n\n\n\n<p><\/p>\n\n\n\n<div class=\"wp-block-group alignfull has-text-color has-background\" style=\"color:#000000;background-color:#ffffff\"><div class=\"wp-block-group__inner-container is-layout-flow wp-block-group-is-layout-flow\">\n<h2 class=\"wp-block-heading has-text-align-center\" id=\"schedule-a-visit\" style=\"font-size:59px;line-height:1.15\"><strong>Vous souhaitez int\u00e9grer notre liste de contacts<\/strong> ?<\/h2>\n\n\n\n<div class=\"wp-block-buttons is-horizontal is-content-justification-center is-layout-flex wp-container-core-buttons-is-layout-499968f5 wp-block-buttons-is-layout-flex\">\n<div class=\"wp-block-button has-custom-width wp-block-button__width-50\"><a class=\"wp-block-button__link has-text-color has-background wp-element-button\" href=\"https:\/\/brindilles-petitsfruits.fr\/index.php\/contact\/\" style=\"border-radius:50px;color:#ffffff;background-color:#000000\">Contactez-nous<\/a><\/div>\n<\/div>\n<\/div><\/div>\n\n\n\n<p><\/p>\n","protected":false},"excerpt":{"rendered":"<p>Nous ouvrons tr\u00e8s ponctuellement (1 \u00e0 2 fois par an) notre site \u00e0 la cueillette en autonomie. Dans notre organisation, les cr\u00e9neaux de cueillette sont difficilement pr\u00e9visibles, ils correspondent \u00e0 une surcharge d&#8217;activit\u00e9 temporaire et d\u00e9pendent : Nous pr\u00e9venons les personnes potentiellement int\u00e9ress\u00e9es par la cueillette par l&#8217;envoi d&#8217;un mail dans les jours pr\u00e9c\u00e9dant l&#8217;ouverture [&hellip;]<\/p>\n","protected":false},"author":1,"featured_media":0,"parent":0,"menu_order":0,"comment_status":"closed","ping_status":"closed","template":"","meta":{"footnotes":""},"class_list":["post-36","page","type-page","status-publish","hentry"],"_links":{"self":[{"href":"https:\/\/brindilles-petitsfruits.fr\/index.php\/wp-json\/wp\/v2\/pages\/36","targetHints":{"allow":["GET"]}}],"collection":[{"href":"https:\/\/brindilles-petitsfruits.fr\/index.php\/wp-json\/wp\/v2\/pages"}],"about":[{"href":"https:\/\/brindilles-petitsfruits.fr\/index.php\/wp-json\/wp\/v2\/types\/page"}],"author":[{"embeddable":true,"href":"https:\/\/brindilles-petitsfruits.fr\/index.php\/wp-json\/wp\/v2\/users\/1"}],"replies":[{"embeddable":true,"href":"https:\/\/brindilles-petitsfruits.fr\/index.php\/wp-json\/wp\/v2\/comments?post=36"}],"version-history":[{"count":7,"href":"https:\/\/brindilles-petitsfruits.fr\/index.php\/wp-json\/wp\/v2\/pages\/36\/revisions"}],"predecessor-version":[{"id":129,"href":"https:\/\/brindilles-petitsfruits.fr\/index.php\/wp-json\/wp\/v2\/pages\/36\/revisions\/129"}],"wp:attachment":[{"href":"https:\/\/brindilles-petitsfruits.fr\/index.php\/wp-json\/wp\/v2\/media?parent=36"}],"curies":[{"name":"wp","href":"https:\/\/api.w.org\/{rel}","templated":true}]}}